{"id":1365,"date":"2014-02-17T22:56:14","date_gmt":"2014-02-18T01:56:14","guid":{"rendered":"http:\/\/argentinamunicipal.com.ar\/argentina\/?page_id=1365"},"modified":"2022-01-18T17:26:31","modified_gmt":"2022-01-18T20:26:31","slug":"medios-graficos-y-digitales-de-las-provincias-argentinas","status":"publish","type":"page","link":"http:\/\/argentinamunicipal.com.ar\/argentina\/medios-graficos-y-digitales-de-las-provincias-argentinas\/","title":{"rendered":"Medios Gr\u00e1ficos y Digitales de las Provincias Argentinas"},"content":{"rendered":"<p><strong style=\"line-height: 1.5\"><span style=\"line-height: 1.5;color: #4e7bed\">BUENOS AIRES<\/span><\/strong><\/p>\n<ul>\n<li><span style=\"font-size: 10pt\"><a href=\"http:\/\/www.eldia.com.ar\/\" target=\"_blank\">El D\u00eda<\/a><\/span><\/li>\n<li><span style=\"font-size: 10pt\"><a href=\"http:\/\/www.lanoticia1.com\/\" target=\"_blank\">Noticia1.com<\/a><\/span><\/li>\n<li><span style=\"font-size: 10pt\"><a href=\"http:\/\/www.inforegion.com.ar\/\" target=\"_blank\">Inforegion<\/a><\/span><\/li>\n<li><span style=\"font-size: 10pt\"><a href=\"http:\/\/infocielo.com\/\" target=\"_blank\">Infocielo<\/a><\/span><\/li>\n<li><span style=\"font-size: 10pt\"><a href=\"http:\/\/www.perspectivasur.com\/\" target=\"_blank\">Perspectiva Sur<\/a><\/span><\/li>\n<li><span style=\"font-size: 10pt\"><a href=\"http:\/\/www.elsolquilmes.com.ar\/\" target=\"_blank\">El Sol<\/a><\/span><\/li>\n<li><span style=\"font-size: 10pt\"><a href=\"http:\/\/www.lacapitalmdp.com\/\" target=\"_blank\">La Capital<\/a><\/span><\/li>\n<li><span style=\"font-size: 10pt\"><a href=\"http:\/\/www.lanueva.com.ar\/\" target=\"_blank\">La Nueva Provincia<\/a><\/span><\/li>\n<\/ul>\n<p><strong><span style=\"color: #4e7bed\">C\u00d3RDOBA<\/span><\/strong><\/p>\n<ul>\n<li><span style=\"font-size: 10pt\"><a href=\"http:\/\/www.lavoz.com.ar\/\" target=\"_blank\">La Voz<\/a><\/span><\/li>\n<li><span style=\"font-size: 10pt\"><a href=\"https:\/\/lmdiario.com.ar\/\" target=\"_blank\">La Nueva Ma\u00f1ana<\/a><\/span><\/li>\n<li><span style=\"font-size: 10pt\"><a href=\"http:\/\/www.eldiariocba.com.ar\/\" target=\"_blank\">El Diario<\/a><\/span><\/li>\n<li><span style=\"font-size: 10pt\"><a href=\"http:\/\/www.puntal.com.ar\/\" target=\"_blank\">El Puntal<\/a><br \/>\n<\/span><\/li>\n<li><a href=\"http:\/\/www.lavozdesanjusto.com.ar\/\" target=\"_blank\">La Voz de San Justo<\/a><\/li>\n<li><a href=\"https:\/\/www.cadena3.com\/\" target=\"_blank\">Cadena3<\/a><\/li>\n<\/ul>\n<p><strong><span style=\"color: #4e7bed\">CATAMARCA<\/span><\/strong><\/p>\n<ul>\n<li><span style=\"font-size: 10pt\"><a href=\"http:\/\/www.elancasti.com.ar\/\" target=\"_blank\">El Ancasti<\/a><\/span><\/li>\n<li><span style=\"font-size: 10pt\"><a href=\"http:\/\/www.launiondigital.com.ar\/\" target=\"_blank\">La Uni\u00f3n<\/a><\/span><\/li>\n<li><span style=\"font-size: 10pt\"><a href=\"http:\/\/www.elesquiu.com\/\" target=\"_blank\">El Esqui\u00fa<\/a><\/span><\/li>\n<\/ul>\n<p><span style=\"color: #4e7bed\"><strong>CHACO<\/strong><\/span><\/p>\n<ul>\n<li><span style=\"font-size: 10pt\"><a href=\"http:\/\/www.diarionorte.com\/\" target=\"_blank\">Diario Norte<\/a><\/span><\/li>\n<li><span style=\"font-size: 10pt\"><a href=\"http:\/\/www.diarioprimeralinea.com.ar\/\" target=\"_blank\">Diario Primera L\u00ednea<\/a><\/span><\/li>\n<li><span style=\"font-size: 10pt\"><a href=\"http:\/\/www.datachaco.com\/\" target=\"_blank\">Data Chaco<\/a><\/span><\/li>\n<\/ul>\n<p><span style=\"color: #4e7bed\"><strong>CHUBUT<\/strong><\/span><\/p>\n<ul>\n<li><span style=\"font-size: 10pt\"><a href=\"http:\/\/www.elpatagonico.net\/\" target=\"_blank\">El Patag\u00f3nico<\/a><\/span><\/li>\n<li><span style=\"font-size: 10pt\"><a href=\"http:\/\/eldiariodemadryn.com\/\" target=\"_blank\">El Diario de Madryn<\/a><\/span><\/li>\n<li><span style=\"font-size: 10pt\"><a href=\"http:\/\/www.diarioeloeste.com.ar\/\" target=\"_blank\">El Oeste<\/a><\/span><\/li>\n<li><span style=\"font-size: 10pt\"><a href=\"http:\/\/www.diariojornada.com.ar\/\" target=\"_blank\">Jornada<\/a><\/span><\/li>\n<li><span style=\"font-size: 10pt\"><a href=\"http:\/\/www.elchubut.com.ar\/\" target=\"_blank\">El Chubut<\/a><\/span><\/li>\n<li><span style=\"font-size: 10pt\"><a href=\"http:\/\/www.diariocronica.com.ar\/\" target=\"_blank\">Cr\u00f3nica<\/a><\/span><\/li>\n<\/ul>\n<p><span style=\"color: #4e7bed\"><strong>CORRIENTES<\/strong><\/span><\/p>\n<ul>\n<li><span style=\"font-size: 10pt\"><a href=\"http:\/\/www.el-litoral.com.ar\/\" target=\"_blank\">El Litoral<\/a><\/span><\/li>\n<li><span style=\"font-size: 10pt\"><a href=\"http:\/\/www.diariolarepublica.com.ar\" target=\"_blank\">Diario La Rep\u00fablica<\/a><\/span><\/li>\n<li><span style=\"font-size: 10pt\"><a href=\"http:\/\/www.lavozdecorrientes.com\" target=\"_blank\">La Voz de Corrientes<\/a><\/span><\/li>\n<li><span style=\"font-size: 10pt\"><a href=\"http:\/\/www.diarioellibertador.com.ar\/\" target=\"_blank\">El LIbertador<\/a><\/span><\/li>\n<\/ul>\n<p><span style=\"color: #4e7bed\"><strong>ENTRE R\u00cdOS<\/strong><\/span><\/p>\n<ul>\n<li><span style=\"font-size: 10pt\"><a href=\"http:\/\/www.apfdigital.com.ar\/\" target=\"_blank\">APFDigital<\/a><\/span><\/li>\n<li><span style=\"font-size: 10pt\"><a href=\"http:\/\/www.unoentrerios.com.ar\/\" target=\"_blank\">Diario UNO<\/a><\/span><\/li>\n<li><span style=\"font-size: 10pt\"><a href=\"http:\/\/www.elonce.com\/\" target=\"_blank\">El Once Digital<\/a><\/span><\/li>\n<li><span style=\"font-size: 10pt\"><a href=\"http:\/\/www.eldiario.com.ar\/\" target=\"_blank\">El Diario<\/a><\/span><\/li>\n<\/ul>\n<p><span style=\"color: #4e7bed\"><strong>FORMOSA<\/strong><\/span><\/p>\n<ul>\n<li><span style=\"font-size: 10pt\"><a href=\"http:\/\/www.elcomercial.com.ar\/\" target=\"_blank\">El Comercial<\/a><\/span><\/li>\n<li><span style=\"font-size: 10pt\"><a href=\"http:\/\/lama\u00f1anaonline.com.ar\/v2\/\" target=\"_blank\">La Ma\u00f1ana<\/a><\/span><\/li>\n<\/ul>\n<p><span style=\"color: #4e7bed\"><strong>JUJUY<\/strong><\/span><\/p>\n<ul>\n<li><span style=\"font-size: 10pt\"><a href=\"http:\/\/www.jujuyaldia.com.ar\/\" target=\"_blank\">Jujuy al D\u00eda<\/a><\/span><\/li>\n<li><span style=\"font-size: 10pt\"><a href=\"http:\/\/www.eltribuno.info\/jujuy\" target=\"_blank\">El tribuno<\/a><\/span><\/li>\n<li><span style=\"font-size: 10pt\"><a href=\"http:\/\/www.pregon.com.ar\/\" target=\"_blank\">Preg\u00f3n<\/a><\/span><\/li>\n<li><span style=\"font-size: 10pt\"><a href=\"http:\/\/www.diarioelpaso.com.ar\/\" target=\"_blank\">Diario El Paso<\/a><\/span><\/li>\n<li><span style=\"font-size: 10pt\"><a href=\"http:\/\/www.ellibertario.com\/\" target=\"_blank\">El Libertario<\/a><\/span><\/li>\n<li><span style=\"font-size: 10pt\"><a href=\"http:\/\/www.criterio24.com.ar\/index.php\" target=\"_blank\">Criterio 24<\/a><\/span><\/li>\n<\/ul>\n<p><span style=\"color: #4e7bed\"><strong>LA PAMPA<\/strong><\/span><\/p>\n<ul>\n<li><span style=\"font-size: 10pt\"><a href=\"http:\/\/www.eldiariodelapampa.com.ar\/\" target=\"_blank\">El Diario de La Pampa<br \/>\n<\/a><\/span><\/li>\n<li><span style=\"font-size: 10pt\"><a href=\"http:\/\/www.diariolareforma.com.ar\/\" target=\"_blank\">La Reforma<\/a><\/span><\/li>\n<li><span style=\"font-size: 10pt\"><a href=\"http:\/\/www.laarena.com.ar\/\" target=\"_blank\">La Arena<\/a><\/span><\/li>\n<li><span style=\"font-size: 10pt\"><a href=\"http:\/\/www.diariotextual.com\/\" target=\"_blank\">Diario Textual<\/a><\/span><\/li>\n<\/ul>\n<p><span style=\"color: #4e7bed\"><strong>LA RIOJA<\/strong><\/span><\/p>\n<ul>\n<li><span style=\"font-size: 10pt\"><a href=\"http:\/\/www.elindependiente.com.ar\/\" target=\"_blank\">El Independiente<\/a><\/span><\/li>\n<li><span style=\"font-size: 10pt\"><a href=\"http:\/\/www.nuevarioja.com.ar\/\" target=\"_blank\">Nueva Rioja<\/a><\/span><\/li>\n<li><span style=\"font-size: 10pt\"><a href=\"http:\/\/riojavirtual.com.ar\/\" target=\"_blank\">http:\/\/riojavirtual.com.ar\/<\/a><\/span><\/li>\n<\/ul>\n<p><span style=\"color: #4e7bed\"><strong>MENDOZA<\/strong><\/span><\/p>\n<ul>\n<li><span style=\"font-size: 10pt\"><a href=\"http:\/\/www.diariouno.com.ar\/\" target=\"_blank\">Diario UNO<\/a><\/span><\/li>\n<li><span style=\"font-size: 10pt\"><a href=\"http:\/\/www.losandes.com.ar\/\" target=\"_blank\">Los Andes<\/a><\/span><\/li>\n<li><span style=\"font-size: 10pt\"><a href=\"http:\/\/www.mdzol.com\/\" target=\"_blank\">MDZ Online<\/a><\/span><\/li>\n<\/ul>\n<p><span style=\"color: #4e7bed\"><strong>MISIONES<\/strong><\/span><\/p>\n<ul>\n<li><span style=\"font-size: 10pt\"><a href=\"http:\/\/www.misionesonline.net\/\" target=\"_blank\">Misiones Online<\/a><\/span><\/li>\n<li><span style=\"font-size: 10pt\"><a href=\"http:\/\/www.territoriodigital.com\/\" target=\"_blank\">Territorio Digital<\/a><\/span><\/li>\n<\/ul>\n<p><span style=\"color: #4e7bed\"><strong>NEUQU\u00c9N<\/strong><\/span><\/p>\n<ul>\n<li><span style=\"font-size: 10pt\"><a href=\"http:\/\/www.lmneuquen.com.ar\/\" target=\"_blank\">La Ma\u00f1ana Neuqu\u00e9n<\/a><\/span><\/li>\n<\/ul>\n<p><strong><span style=\"color: #4e7bed\">R\u00cdO NEGRO<\/span><\/strong><\/p>\n<ul>\n<li><span style=\"font-size: 10pt\"><a href=\"http:\/\/www.rionegro.com.ar\/\" target=\"_blank\">R\u00edo Negro<br \/>\n<\/a><\/span><\/li>\n<li><span style=\"font-size: 10pt\"><a href=\"http:\/\/www.adnrionegro.com.ar\/\" target=\"_blank\">ADN R\u00edo Negro<\/a><\/span><\/li>\n<li><span style=\"font-size: 10pt\"><a href=\"http:\/\/www.bariloche2000.com\/\" target=\"_blank\">Bariloche2000<\/a><\/span><\/li>\n<li><span style=\"font-size: 10pt\"><a href=\"http:\/\/www.elcordillerano.com.ar\/\" target=\"_blank\">El Cordillerano<\/a><\/span><\/li>\n<\/ul>\n<p><span style=\"color: #4e7bed\"><strong>SALTA<\/strong><\/span><\/p>\n<ul>\n<li><span style=\"font-size: 10pt\"><a href=\"http:\/\/www.eltribuno.info\/\" target=\"_blank\">El Tribuno<\/a><\/span><\/li>\n<li><span style=\"font-size: 10pt\"><a href=\"http:\/\/www.lahoradesalta.com.ar\/\" target=\"_blank\">La Hora de Salta<\/a><\/span><\/li>\n<li><span style=\"font-size: 10pt\"><a href=\"http:\/\/www.radiosalta.com\/\" target=\"_blank\">Radio Salta<\/a><\/span><\/li>\n<li><span style=\"font-size: 10pt\"><a href=\"http:\/\/www.nuevodiariodesalta.com.ar\/\" target=\"_blank\">Nuevo Diario de Salta<\/a><\/span><\/li>\n<li><span style=\"font-size: 10pt\"><a href=\"http:\/\/www.cableatierra.com\/\" target=\"_blank\">Cable a Tierra<\/a><\/span><\/li>\n<\/ul>\n<p><span style=\"color: #4e7bed\"><strong>SANTA FE<\/strong><\/span><\/p>\n<ul>\n<li><span style=\"font-size: 10pt\"><a href=\"https:\/\/www.ellitoral.com\/\" target=\"_blank\">El Litoral<\/a><\/span><\/li>\n<li><span style=\"font-size: 10pt\"><a href=\"http:\/\/www.lacapital.com.ar\/\" target=\"_blank\">La Capital<\/a><\/span><\/li>\n<li><span style=\"font-size: 10pt\"><a href=\"http:\/\/diariolaopinion.com.ar\/\" target=\"_blank\">La Opini\u00f3n<\/a><\/span><\/li>\n<li><span style=\"font-size: 10pt\"><a href=\"http:\/\/www.unosantafe.com.ar\/\" target=\"_blank\">Diario UNO Santa Fe<\/a><\/span><\/li>\n<li><a href=\"https:\/\/www.pagina12.com.ar\/suplementos\/rosario12\/01-04-2020\"><span style=\"font-size: 10pt\">Rosario12<\/span><\/a><\/li>\n<li><span style=\"font-size: 10pt\"><a href=\"http:\/\/www.sinmordaza.com\/\" target=\"_blank\">Sin Mordaza<\/a><\/span><\/li>\n<\/ul>\n<p><span style=\"color: #4e7bed\"><strong>SAN LUIS<\/strong><\/span><\/p>\n<ul>\n<li><span style=\"font-size: 10pt\"><a href=\"http:\/\/www.eldiariodelarepublica.com\/\" target=\"_blank\">El Diario de la Rep\u00fablica<\/a><\/span><\/li>\n<li><span style=\"font-size: 10pt\"><a href=\"http:\/\/www.sanluis24.com.ar\/\" target=\"_blank\">San Luis 24<\/a><\/span><\/li>\n<li><span style=\"font-size: 10pt\"><a href=\"http:\/\/agenciasanluis.com\/\" target=\"_blank\">Agencia de Noticias San Luis<\/a><\/span><\/li>\n<\/ul>\n<p><span style=\"color: #4e7bed\"><strong>SAN JUAN<\/strong><\/span><\/p>\n<ul>\n<li><span style=\"font-size: 10pt\"><a href=\"http:\/\/www.diariodecuyo.com.ar\/\" target=\"_blank\">El Diario de Cuyo<\/a><\/span><\/li>\n<li><span style=\"font-size: 10pt\"><a href=\"http:\/\/www.diarioelzonda.com.ar\/\" target=\"_blank\">El Zonda<\/a><\/span><\/li>\n<li><span style=\"font-size: 10pt\"><a href=\"http:\/\/www.sanjuan8.com\/san_juan\" target=\"_blank\">San Juan 8<\/a><\/span><\/li>\n<li><span style=\"font-size: 10pt\"><a href=\"http:\/\/www.diariolaprovinciasj.com\" target=\"_blank\">Diario La Provincia<\/a><\/span><\/li>\n<li><span style=\"font-size: 10pt\"><a href=\"http:\/\/www.diariohuarpe.com\/\" target=\"_blank\">Diario Huarpe<\/a><\/span><\/li>\n<li><span style=\"font-size: 10pt\"><a href=\"http:\/\/www.nuevodiariosanjuan.com\/\" target=\"_blank\">Nuevo Diario de San Juan<\/a><\/span><\/li>\n<\/ul>\n<p><span style=\"color: #4e7bed\"><strong><span style=\"line-height: 1.5\">SANTA CRUZ<\/span><\/strong><\/span><\/p>\n<ul>\n<li><span style=\"font-size: 10pt\"><a href=\"http:\/\/www.elperiodicoaustral.com\/\" target=\"_blank\">El Peri\u00f3dico Austral<\/a><\/span><\/li>\n<li><span style=\"font-size: 10pt\"><a href=\"http:\/\/www.tiemposur.com.ar\/\" target=\"_blank\">Tiempo Sur<\/a><\/span><\/li>\n<li><span style=\"font-size: 10pt\"><a href=\"http:\/\/www.laopinionaustral.com.ar\/\" target=\"_blank\">La Opini\u00f3n Austral<\/a><\/span><\/li>\n<\/ul>\n<p><span style=\"color: #4e7bed\"><strong>SANTIAGO DEL ESTERO<\/strong><\/span><\/p>\n<ul>\n<li><span style=\"font-size: 10pt\"><a href=\"http:\/\/www.nuevodiarioweb.com.ar\/\" target=\"_blank\">Nuevo Diario<\/a><\/span><\/li>\n<li><span style=\"font-size: 10pt\"><a href=\"http:\/\/www.elliberal.com.ar\/\" target=\"_blank\">El Liberal<\/a><\/span><\/li>\n<li><span style=\"font-size: 10pt\"><a href=\"http:\/\/www.diariopanorama.com\/\" target=\"_blank\">Diario Panorama<\/a><\/span><\/li>\n<\/ul>\n<p><span style=\"color: #4e7bed\"><strong>TUCUM\u00c1N<\/strong><\/span><\/p>\n<ul>\n<li><span style=\"font-size: 10pt\"><a href=\"http:\/\/www.lagaceta.com.ar\/\" target=\"_blank\">La Gaceta<\/a><\/span><\/li>\n<li><span style=\"font-size: 10pt\"><a href=\"http:\/\/www.tucumanhoy.com\/\" target=\"_blank\">Tucum\u00e1n Hoy<\/a><\/span><\/li>\n<li><span style=\"font-size: 10pt\"><a href=\"http:\/\/www.elsigloweb.com\/\" target=\"_blank\">El Siglo<\/a><\/span><\/li>\n<\/ul>\n<p><span style=\"color: #4e7bed\"><strong>TIERRA DEL FUEGO<\/strong><\/span><\/p>\n<ul>\n<li><span style=\"font-size: 10pt\"><a href=\"http:\/\/eldiariodelfindelmundo.com\/\" target=\"_blank\">El Diario del Fin del Mundo<\/a><\/span><\/li>\n<li><span style=\"font-size: 10pt\"><a href=\"http:\/\/sur54.com.ar\/\" target=\"_blank\">Sur 54<\/a><\/span><\/li>\n<li><span style=\"font-size: 10pt\"><a href=\"http:\/\/www.p23.com.ar\/\" target=\"_blank\">Provincia 23<\/a><\/span><\/li>\n<li><span style=\"font-size: 10pt\"><a href=\"http:\/\/www.reporteaustral.com.ar\/\" target=\"_blank\">Reporte Austral<\/a><\/span><\/li>\n<\/ul>\n<p><span style=\"color: #4e7bed\"><strong>MEDIOS NACIONALES<\/strong><\/span><\/p>\n<ul>\n<li><a href=\"http:\/\/www.infonews.com\/\" target=\"_blank\">INFO News<\/a><\/li>\n<li><a href=\"http:\/\/www.pagina12.com.ar\/diario\/principal\/index.html\" target=\"_blank\">P\u00e1gina 12<\/a><\/li>\n<li><a href=\"https:\/\/www.minutouno.com\/\" target=\"_blank\">MinutoUno<\/a><\/li>\n<li><a href=\"https:\/\/www.telam.com.ar\/\" target=\"_blank\">T\u00e9lam<\/a><\/li>\n<li><a href=\"https:\/\/www.infobae.com\/\" target=\"_blank\">INFOBAE<\/a><\/li>\n<\/ul>\n","protected":false},"excerpt":{"rendered":"<p>BUENOS AIRES El D\u00eda Noticia1.com Inforegion Infocielo Perspectiva Sur El Sol La Capital La Nueva Provincia C\u00d3RDOBA La Voz La Nueva Ma\u00f1ana El Diario El Puntal La Voz de San Justo Cadena3 CATAMARCA El Ancasti La Uni\u00f3n El Esqui\u00fa CHACO Diario Norte Diario Primera L\u00ednea Data Chaco CHUBUT El Patag\u00f3nico El Diario de Madryn El<\/p>\n","protected":false},"author":1,"featured_media":0,"parent":0,"menu_order":0,"comment_status":"closed","ping_status":"closed","template":"","meta":{"footnotes":""},"class_list":["post-1365","page","type-page","status-publish","hentry"],"_links":{"self":[{"href":"http:\/\/argentinamunicipal.com.ar\/argentina\/wp-json\/wp\/v2\/pages\/1365","targetHints":{"allow":["GET"]}}],"collection":[{"href":"http:\/\/argentinamunicipal.com.ar\/argentina\/wp-json\/wp\/v2\/pages"}],"about":[{"href":"http:\/\/argentinamunicipal.com.ar\/argentina\/wp-json\/wp\/v2\/types\/page"}],"author":[{"embeddable":true,"href":"http:\/\/argentinamunicipal.com.ar\/argentina\/wp-json\/wp\/v2\/users\/1"}],"replies":[{"embeddable":true,"href":"http:\/\/argentinamunicipal.com.ar\/argentina\/wp-json\/wp\/v2\/comments?post=1365"}],"version-history":[{"count":0,"href":"http:\/\/argentinamunicipal.com.ar\/argentina\/wp-json\/wp\/v2\/pages\/1365\/revisions"}],"wp:attachment":[{"href":"http:\/\/argentinamunicipal.com.ar\/argentina\/wp-json\/wp\/v2\/media?parent=1365"}],"curies":[{"name":"wp","href":"https:\/\/api.w.org\/{rel}","templated":true}]}}